{"id":121,"date":"2014-02-07T15:57:37","date_gmt":"2014-02-07T14:57:37","guid":{"rendered":"http:\/\/emiliequeney.com\/?page_id=121"},"modified":"2023-06-26T14:13:35","modified_gmt":"2023-06-26T13:13:35","slug":"acceuil","status":"publish","type":"page","link":"http:\/\/emiliequeney.com\/en\/","title":{"rendered":"Architecture, art &#038; education"},"content":{"rendered":"","protected":false},"excerpt":{"rendered":"","protected":false},"author":1,"featured_media":0,"parent":0,"menu_order":0,"comment_status":"closed","ping_status":"closed","template":"portfolio-page.php","meta":{"spay_email":"","footnotes":""},"tags":[],"class_list":["post-121","page","type-page","status-publish","hentry"],"jetpack_sharing_enabled":true,"jetpack_shortlink":"https:\/\/wp.me\/P7IBC0-1X","jetpack-related-posts":[{"id":942,"url":"http:\/\/emiliequeney.com\/en\/cv\/","url_meta":{"origin":121,"position":0},"title":"CV","date":"15 July 2016","format":false,"excerpt":"1979 birth in Besan\u00e7on, France 1997 A Level in Applied Arts in Louis Pasteur College, Besan\u00e7on, 1999 BA in Interior Design in Ecole Sup\u00e9rieure d'Arts Appliqu\u00e9s Boulle, Paris 2007 MA in Architecture in Ecole Nationale Sup\u00e9rieure d'Architecture de Paris Belleville 2002 - 2014 architect, interior designer & model maker in\u2026","rel":"","context":"Similar post","img":{"alt_text":"","src":"","width":0,"height":0},"classes":[]}],"_links":{"self":[{"href":"http:\/\/emiliequeney.com\/en\/wp-json\/wp\/v2\/pages\/121","targetHints":{"allow":["GET"]}}],"collection":[{"href":"http:\/\/emiliequeney.com\/en\/wp-json\/wp\/v2\/pages"}],"about":[{"href":"http:\/\/emiliequeney.com\/en\/wp-json\/wp\/v2\/types\/page"}],"author":[{"embeddable":true,"href":"http:\/\/emiliequeney.com\/en\/wp-json\/wp\/v2\/users\/1"}],"replies":[{"embeddable":true,"href":"http:\/\/emiliequeney.com\/en\/wp-json\/wp\/v2\/comments?post=121"}],"version-history":[{"count":22,"href":"http:\/\/emiliequeney.com\/en\/wp-json\/wp\/v2\/pages\/121\/revisions"}],"predecessor-version":[{"id":3592,"href":"http:\/\/emiliequeney.com\/en\/wp-json\/wp\/v2\/pages\/121\/revisions\/3592"}],"wp:attachment":[{"href":"http:\/\/emiliequeney.com\/en\/wp-json\/wp\/v2\/media?parent=121"}],"wp:term":[{"taxonomy":"post_tag","embeddable":true,"href":"http:\/\/emiliequeney.com\/en\/wp-json\/wp\/v2\/tags?post=121"}],"curies":[{"name":"wp","href":"https:\/\/api.w.org\/{rel}","templated":true}]}}